{"id":1467,"date":"2024-03-12T14:33:23","date_gmt":"2024-03-12T12:33:23","guid":{"rendered":"https:\/\/www.portti.org\/kauppa\/?post_type=product&#038;p=1467"},"modified":"2025-05-14T14:46:00","modified_gmt":"2025-05-14T12:46:00","slug":"benjamin-turkia-jumalan-israel","status":"publish","type":"product","link":"https:\/\/www.portti.org\/kauppa\/tuote\/benjamin-turkia-jumalan-israel\/","title":{"rendered":"Benjamin Turkia: Jumalan Israel"},"content":{"rendered":"<p>Mik\u00e4 on Juudan ja Israelin salaisuus? Kirjoittaja rakentaa ehyen todistajain ketjun vahvalle pohjalle \u2014 Raamatun sanalle, Jumalan ilmoitukselle.<\/p>\n<p>Puhumme juutalaisista, mutta juutalaiset edustavat vain pient\u00e4 osaa Aabrahamin siunauksia nauttivasta Israelista. Minne h\u00e4visiv\u00e4t v\u00e4hitellen muut heimot, mik\u00e4 on heid\u00e4n m\u00e4\u00e4r\u00e4ns\u00e4 t\u00e4n\u00e4\u00e4n, kun vainoja k\u00e4rsinyt juudan j\u00e4\u00e4nn\u00f6skin luetaan miljoonissa?<\/p>\n<p>Valaistusta Israelin salaisuuteen kirjoittaja ammentaa raikkaassa raamatullisessa tutkimuksessaan. Monet Jumalan Sanan kohdat puhuttelevat aivan uudella tavalla t\u00e4m\u00e4n kirjan lukemisen j\u00e4lkeen.<\/p>\n<p>Toinen painos 2006<br \/>\nISBN 952-92-0208-2<\/p>\n","protected":false},"excerpt":{"rendered":"<p>Odotettu toinen painos Benjaminin kirjasta JUMALAN ISRAEL on ilmestynyt! Mik\u00e4 on Juudan ja Israelin salaisuus? Kirjoittaja rakentaa ehyen todistajain ketjun vahvalle pohjalle &#8211; Raamatun sanalle, Jumalan ilmoitukselle. Juutalaiset edustavat vain pient\u00e4 osaa Jumalan Israelista. Minne h\u00e4visiv\u00e4t muut heimot ja mik\u00e4 on heid\u00e4n m\u00e4\u00e4r\u00e4ns\u00e4 t\u00e4n\u00e4\u00e4n?<\/p>\n","protected":false},"featured_media":1840,"template":"","meta":[],"product_brand":[],"product_cat":[18],"product_tag":[20],"class_list":{"0":"post-1467","1":"product","2":"type-product","3":"status-publish","4":"has-post-thumbnail","6":"product_cat-kirjat","7":"product_tag-jumalan-israel","9":"first","10":"instock","11":"taxable","12":"shipping-taxable","13":"purchasable","14":"product-type-simple"},"_links":{"self":[{"href":"https:\/\/www.portti.org\/kauppa\/wp-json\/wp\/v2\/product\/1467","targetHints":{"allow":["GET"]}}],"collection":[{"href":"https:\/\/www.portti.org\/kauppa\/wp-json\/wp\/v2\/product"}],"about":[{"href":"https:\/\/www.portti.org\/kauppa\/wp-json\/wp\/v2\/types\/product"}],"wp:featuredmedia":[{"embeddable":true,"href":"https:\/\/www.portti.org\/kauppa\/wp-json\/wp\/v2\/media\/1840"}],"wp:attachment":[{"href":"https:\/\/www.portti.org\/kauppa\/wp-json\/wp\/v2\/media?parent=1467"}],"wp:term":[{"taxonomy":"product_brand","embeddable":true,"href":"https:\/\/www.portti.org\/kauppa\/wp-json\/wp\/v2\/product_brand?post=1467"},{"taxonomy":"product_cat","embeddable":true,"href":"https:\/\/www.portti.org\/kauppa\/wp-json\/wp\/v2\/product_cat?post=1467"},{"taxonomy":"product_tag","embeddable":true,"href":"https:\/\/www.portti.org\/kauppa\/wp-json\/wp\/v2\/product_tag?post=1467"}],"curies":[{"name":"wp","href":"https:\/\/api.w.org\/{rel}","templated":true}]}}