{"id":1466,"date":"2024-03-12T14:34:16","date_gmt":"2024-03-12T12:34:16","guid":{"rendered":"https:\/\/www.portti.org\/kauppa\/?post_type=product&#038;p=1466"},"modified":"2025-05-14T14:45:43","modified_gmt":"2025-05-14T12:45:43","slug":"benjamin-turkia-jumalisuuden-salaisuudessa","status":"publish","type":"product","link":"https:\/\/www.portti.org\/kauppa\/tuote\/benjamin-turkia-jumalisuuden-salaisuudessa\/","title":{"rendered":"Benjamin Turkia: Jumalisuuden salaisuudessa"},"content":{"rendered":"<p>Jumalan salaisuuksia avautuu ennen Messiaan paluuta, jotta voisimme valmistautua odottamaan H\u00e4nt\u00e4 ja n\u00e4kisimme niit\u00e4 t\u00e4rkeit\u00e4 asioita, jotka valmistavat H\u00e4nen tuloaan ja meit\u00e4 H\u00e4nen tuloonsa.<\/p>\n<p>T\u00e4m\u00e4 kirja avaa mielenkiintoisia n\u00e4k\u00f6kulmia Jumalan salaisuuksiin, koskien Messiasta, Ilmestysmajaa, seurakuntaa, Israelia, kadonneita heimoja jne. Benjamin Turkia kirjoittaa n\u00e4ist\u00e4 asioista, paljon oppineena ja kokeneena, kuitenkin n\u00f6yr\u00e4n palvelijan tavalla, Hengen inspiroimana. T\u00e4m\u00e4 kirja sis\u00e4lt\u00e4\u00e4 t\u00e4rke\u00e4\u00e4 sanomaa jokaiselle uskovalle.<\/p>\n<p>Benjamin Turkia on Suomessa syntynyt raamatunopettaja, joka on asunut Ranskassa, Amerikassa ja viimeisen kahdenkymmenen vuoden ajan Israelissa. Benjamin on uhrannut el\u00e4m\u00e4ns\u00e4 Sanan tutkimiseen ja palvelemiseen. H\u00e4nen kutsumuksensa asua omaisuuskansan keskell\u00e4 on avannut h\u00e4nelle mahdollisuuden n\u00e4hd\u00e4 Israelia koskevat asiat \u201dsis\u00e4lt\u00e4\u201d k\u00e4sin. Seurakunta ja Israel kuuluvat yhteen. T\u00e4m\u00e4 kirja syntyi Hengen inspiraatiosta Jerusalemissa.<\/p>\n<p>T\u00e4m\u00e4 on kirjan\u00a02. painos<br \/>\nIlmestymisvuosi: 2017<br \/>\nLuokka: 25<\/p>\n","protected":false},"excerpt":{"rendered":"<p>Jumalan salaisuuksia avautuu ennen Messiaan paluuta, jotta voisimme valmistautua odottamaan H\u00e4nt\u00e4 ja n\u00e4kisimme niit\u00e4 t\u00e4rkeit\u00e4 asioita, jotka valmistavat H\u00e4nen tuloaan ja meit\u00e4 H\u00e4nen tuloonsa.<\/p>\n<p>T\u00e4m\u00e4 kirja avaa mielenkiintoisia n\u00e4k\u00f6kulmia Jumalan salaisuuksiin, koskien Messiasta, Ilmestysmajaa, seurakuntaa, Israelia, kadonneita heimoja jne. Benjamin Turkia kirjoittaa n\u00e4ist\u00e4 asioista, paljon oppineena ja kokeneena, kuitenkin n\u00f6yr\u00e4n palvelijan tavalla, Hengen inspiroimana. T\u00e4m\u00e4 kirja sis\u00e4lt\u00e4\u00e4 t\u00e4rke\u00e4\u00e4 sanomaa jokaiselle uskovalle.<\/p>\n","protected":false},"featured_media":1510,"template":"","meta":[],"product_brand":[],"product_cat":[18],"product_tag":[19],"class_list":{"0":"post-1466","1":"product","2":"type-product","3":"status-publish","4":"has-post-thumbnail","6":"product_cat-kirjat","7":"product_tag-jumalisuuden-salaisuudessa","9":"first","10":"instock","11":"taxable","12":"shipping-taxable","13":"purchasable","14":"product-type-simple"},"_links":{"self":[{"href":"https:\/\/www.portti.org\/kauppa\/wp-json\/wp\/v2\/product\/1466","targetHints":{"allow":["GET"]}}],"collection":[{"href":"https:\/\/www.portti.org\/kauppa\/wp-json\/wp\/v2\/product"}],"about":[{"href":"https:\/\/www.portti.org\/kauppa\/wp-json\/wp\/v2\/types\/product"}],"wp:featuredmedia":[{"embeddable":true,"href":"https:\/\/www.portti.org\/kauppa\/wp-json\/wp\/v2\/media\/1510"}],"wp:attachment":[{"href":"https:\/\/www.portti.org\/kauppa\/wp-json\/wp\/v2\/media?parent=1466"}],"wp:term":[{"taxonomy":"product_brand","embeddable":true,"href":"https:\/\/www.portti.org\/kauppa\/wp-json\/wp\/v2\/product_brand?post=1466"},{"taxonomy":"product_cat","embeddable":true,"href":"https:\/\/www.portti.org\/kauppa\/wp-json\/wp\/v2\/product_cat?post=1466"},{"taxonomy":"product_tag","embeddable":true,"href":"https:\/\/www.portti.org\/kauppa\/wp-json\/wp\/v2\/product_tag?post=1466"}],"curies":[{"name":"wp","href":"https:\/\/api.w.org\/{rel}","templated":true}]}}