{"id":1964,"date":"2025-05-15T09:35:21","date_gmt":"2025-05-15T07:35:21","guid":{"rendered":"https:\/\/www.portti.org\/kauppa\/?page_id=1964"},"modified":"2025-10-14T14:50:42","modified_gmt":"2025-10-14T12:50:42","slug":"toimitusehdot","status":"publish","type":"page","link":"https:\/\/www.portti.org\/kauppa\/toimitusehdot\/","title":{"rendered":"Toimitusehdot"},"content":{"rendered":"<h2>Toimitusehdot<\/h2>\n<p><strong>Voimassa alkaen:<\/strong> 15.5.2025<\/p>\n<h3>1. Yleist\u00e4 verkkokaupasta<\/h3>\n<p>Verkkokaupan tuotteita myy Nardus Media, y-tunnus 2240901-8. Myymme tuotteita t\u00e4ysi-ik\u00e4isille yksityishenkil\u00f6ille ja yrityksille Suomeen. Pid\u00e4t\u00e4mme oikeuden muuttaa toimitusehtoja ja hintoja. Asiakkaan on ennen tilausta tutustuttava voimassa oleviin toimitusehtoihin.<\/p>\n<h3>2. Tuotteet ja hinnat<\/h3>\n<p>Kaikki hinnat sis\u00e4lt\u00e4v\u00e4t kulloinkin voimassa olevan arvonlis\u00e4veron, ellei toisin mainita. Hinnat eiv\u00e4t sis\u00e4ll\u00e4 toimituskuluja, ellei toisin ilmoiteta.<\/p>\n<h3>3. Tilaaminen<\/h3>\n<p>Tilaukset tehd\u00e4\u00e4n verkkokaupassa lis\u00e4\u00e4m\u00e4ll\u00e4 tuotteet ostoskoriin ja maksamalla ne kassalla. Tilaus vahvistetaan s\u00e4hk\u00f6postilla, joka sis\u00e4lt\u00e4\u00e4 tilaustiedot. Asiakas vastaa antamiensa tietojen oikeellisuudesta.<\/p>\n<h3>4. Maksutavat<\/h3>\n<p>Hyv\u00e4ksymme seuraavat maksutavat:<\/p>\n<ul>\n<li>Tilisiirto<\/li>\n<\/ul>\n<h3>5. Toimitus<\/h3>\n<p>Toimitamme tuotteita Suomeen. Toimitustavat ja -kulut n\u00e4kyv\u00e4t ostoskorissa ennen maksua.<\/p>\n<p><strong>Toimitustavat:<\/strong><\/p>\n<ul>\n<li style=\"list-style-type: none;\">\n<ul>\n<li>Posti (noutopiste tai kotiinkuljetus)<\/li>\n<\/ul>\n<\/li>\n<\/ul>\n<p><strong>Toimitusaika:<\/strong> yleens\u00e4 2\u20135 arkip\u00e4iv\u00e4\u00e4, ellei toisin ilmoiteta.<\/p>\n<h3>6. Palautusoikeus ja reklamaatiot<\/h3>\n<p>Kuluttaja-asiakkaalla on oikeus peruuttaa tilaus 14 p\u00e4iv\u00e4n kuluessa tuotteen vastaanottamisesta. Tuotteen on oltava k\u00e4ytt\u00e4m\u00e4t\u00f6n ja myyntikelpoinen.<\/p>\n<p><strong>Palautuksista tulee ilmoittaa etuk\u00e4teen s\u00e4hk\u00f6postitse:<\/strong> info@nardusmedia.fi<\/p>\n<p>Asiakas vastaa palautuskustannuksista, ellei kyseess\u00e4 ole virheellinen tai viallinen tuote.<\/p>\n<p>Reklamaatiot k\u00e4sitell\u00e4\u00e4n mahdollisimman pian \u2013 ota yhteytt\u00e4 osoitteeseen: info@nardusmedia.fi<\/p>\n<h3>7. Tietosuoja<\/h3>\n<p>K\u00e4sittelemme asiakkaan tietoja luottamuksellisesti ja noudatamme EU:n yleist\u00e4 tietosuoja-asetusta (GDPR). Lue tarkempi <a href=\"https:\/\/www.portti.org\/kauppa\/tietosuojaseloste\/\">tietosuojaseloste<\/a>.<\/p>\n<h3>8. Sovellettava laki<\/h3>\n<p>N\u00e4ihin toimitusehtoihin sovelletaan Suomen lakia. Mahdolliset erimielisyydet pyrit\u00e4\u00e4n ensisijaisesti ratkaisemaan neuvottelemalla. Kuluttaja voi saattaa riidan my\u00f6s kuluttajariitalautakunnan ratkaistavaksi.<\/p>\n<h3>Yhteystiedot<\/h3>\n<p><strong>Nardus media<\/strong><br \/>\n2240901-8<br \/>\nS\u00e4hk\u00f6posti: info@nardusmedia.fi<\/p>\n","protected":false},"excerpt":{"rendered":"<p>Toimitusehdot Voimassa alkaen: 15.5.2025 1. Yleist\u00e4 verkkokaupasta Verkkokaupan tuotteita myy Nardus Media, y-tunnus 2240901-8. Myymme tuotteita t\u00e4ysi-ik\u00e4isille yksityishenkil\u00f6ille ja yrityksille Suomeen. Pid\u00e4t\u00e4mme oikeuden muuttaa toimitusehtoja ja hintoja. Asiakkaan on ennen &#8230;<\/p>\n","protected":false},"author":1,"featured_media":0,"parent":0,"menu_order":0,"comment_status":"closed","ping_status":"closed","template":"","meta":{"footnotes":""},"class_list":["post-1964","page","type-page","status-publish","hentry"],"_links":{"self":[{"href":"https:\/\/www.portti.org\/kauppa\/wp-json\/wp\/v2\/pages\/1964","targetHints":{"allow":["GET"]}}],"collection":[{"href":"https:\/\/www.portti.org\/kauppa\/wp-json\/wp\/v2\/pages"}],"about":[{"href":"https:\/\/www.portti.org\/kauppa\/wp-json\/wp\/v2\/types\/page"}],"author":[{"embeddable":true,"href":"https:\/\/www.portti.org\/kauppa\/wp-json\/wp\/v2\/users\/1"}],"replies":[{"embeddable":true,"href":"https:\/\/www.portti.org\/kauppa\/wp-json\/wp\/v2\/comments?post=1964"}],"version-history":[{"count":6,"href":"https:\/\/www.portti.org\/kauppa\/wp-json\/wp\/v2\/pages\/1964\/revisions"}],"predecessor-version":[{"id":1992,"href":"https:\/\/www.portti.org\/kauppa\/wp-json\/wp\/v2\/pages\/1964\/revisions\/1992"}],"wp:attachment":[{"href":"https:\/\/www.portti.org\/kauppa\/wp-json\/wp\/v2\/media?parent=1964"}],"curies":[{"name":"wp","href":"https:\/\/api.w.org\/{rel}","templated":true}]}}